{"id":141,"date":"2023-10-27T14:09:08","date_gmt":"2023-10-27T14:09:08","guid":{"rendered":"https:\/\/nagel.onl\/?page_id=141"},"modified":"2025-10-07T12:07:00","modified_gmt":"2025-10-07T12:07:00","slug":"impressum","status":"publish","type":"page","link":"https:\/\/nagel.onl\/?page_id=141","title":{"rendered":"Impressum"},"content":{"rendered":"\n<p class=\"has-larger-font-size\"><strong><mark style=\"background-color:#757575\" class=\"has-inline-color has-accent-color\">PRIVATE<\/mark> Homepage\/Blog<\/strong><\/p>\n\n\n\n<h2 class=\"wp-block-heading\">Datenschutz:<\/h2>\n\n\n\n<a href=\"https:\/\/www.etracker.com\/datenschutz\" target=\"_blank\" rel=\"noopener\"><img decoding=\"async\" alt=\"etracker\" title=\"etracker\" border=\"0\" src=\"https:\/\/www.etracker.com\/privacy_signet?et=Lj9BzE&#038;id=0\" height=\"110px\" width=\"294px\"><\/a>\n\n\n\n<h2 class=\"wp-block-heading\">Verantwortlich:<\/h2>\n\n\n\n<p>Verantwortlich f\u00fcr die Domain :<\/p>\n\n\n\n<ul class=\"wp-block-list\">\n<li>nagel onl<\/li>\n\n\n\n<li>gel onl<\/li>\n\n\n\n<li>herzo net<\/li>\n\n\n\n<li>franken onl<\/li>\n\n\n\n<li>nagel-photographie de<\/li>\n\n\n\n<li>nagel-roland de<\/li>\n\n\n\n<li>nagel-roland it<\/li>\n<\/ul>\n\n\n\n<p><br>Roland Nagel<br>Hohenecker Stra\u00dfe 28<br>91472 Ipsheim<\/p>\n\n\n\n<h2 class=\"wp-block-heading\">Kontaktaufnahme<\/h2>\n\n\n\n<p>Kontaktaufnahme \u00fcber nachfolgendes Formular<\/p>\n\n\n\n<hr class=\"wp-block-separator has-alpha-channel-opacity\"\/>\n\n\n<style id=\"wpforms-css-vars-146-block-fb325346-7531-4add-9b06-56966d5de4cd\">\n\t\t\t\t#wpforms-146.wpforms-block-fb325346-7531-4add-9b06-56966d5de4cd {\n\t\t\t\t--wpforms-field-size-input-height: 43px;\n--wpforms-field-size-input-spacing: 15px;\n--wpforms-field-size-font-size: 16px;\n--wpforms-field-size-line-height: 19px;\n--wpforms-field-size-padding-h: 14px;\n--wpforms-field-size-checkbox-size: 16px;\n--wpforms-field-size-sublabel-spacing: 5px;\n--wpforms-field-size-icon-size: 1;\n--wpforms-label-size-font-size: 16px;\n--wpforms-label-size-line-height: 19px;\n--wpforms-label-size-sublabel-font-size: 14px;\n--wpforms-label-size-sublabel-line-height: 17px;\n--wpforms-button-size-font-size: 17px;\n--wpforms-button-size-height: 41px;\n--wpforms-button-size-padding-h: 15px;\n--wpforms-button-size-margin-top: 10px;\n\t\t\t}\n\t\t\t<\/style><div class=\"wpforms-container wpforms-container-full wpforms-block wpforms-block-fb325346-7531-4add-9b06-56966d5de4cd wpforms-render-modern\" id=\"wpforms-146\"><form id=\"wpforms-form-146\" class=\"wpforms-validate wpforms-form wpforms-ajax-form\" data-formid=\"146\" method=\"post\" enctype=\"multipart\/form-data\" action=\"\/index.php?rest_route=%2Fwp%2Fv2%2Fpages%2F141\" data-token=\"ab29b56bbb720f199d272e1455a6ca96\" data-token-time=\"1776165299\"><noscript class=\"wpforms-error-noscript\">Bitte aktiviere JavaScript in deinem Browser, um dieses Formular fertigzustellen.<\/noscript><div id=\"wpforms-error-noscript\" style=\"display: none;\">Bitte aktiviere JavaScript in deinem Browser, um dieses Formular fertigzustellen.<\/div><div class=\"wpforms-field-container\"><div id=\"wpforms-146-field_0-container\" class=\"wpforms-field wpforms-field-name\" data-field-id=\"0\"><fieldset><legend class=\"wpforms-field-label\">Name <span class=\"wpforms-required-label\" aria-hidden=\"true\">*<\/span><\/legend><div class=\"wpforms-field-row wpforms-field-medium\"><div class=\"wpforms-field-row-block wpforms-first wpforms-one-half\"><input type=\"text\" id=\"wpforms-146-field_0\" class=\"wpforms-field-name-first wpforms-field-required\" name=\"wpforms[fields][0][first]\" aria-errormessage=\"wpforms-146-field_0-error\" required><label for=\"wpforms-146-field_0\" class=\"wpforms-field-sublabel after\">Vorname<\/label><\/div><div class=\"wpforms-field-row-block wpforms-one-half\"><input type=\"text\" id=\"wpforms-146-field_0-last\" class=\"wpforms-field-name-last wpforms-field-required\" name=\"wpforms[fields][0][last]\" aria-errormessage=\"wpforms-146-field_0-last-error\" required><label for=\"wpforms-146-field_0-last\" class=\"wpforms-field-sublabel after\">Nachname<\/label><\/div><\/div><\/fieldset><\/div><div id=\"wpforms-146-field_1-container\" class=\"wpforms-field wpforms-field-email\" data-field-id=\"1\"><label class=\"wpforms-field-label\" for=\"wpforms-146-field_1\">E-Mail-Adresse <span class=\"wpforms-required-label\" aria-hidden=\"true\">*<\/span><\/label><input type=\"email\" id=\"wpforms-146-field_1\" class=\"wpforms-field-medium wpforms-field-required\" name=\"wpforms[fields][1]\" spellcheck=\"false\" aria-errormessage=\"wpforms-146-field_1-error\" required><\/div><div id=\"wpforms-146-field_2-container\" class=\"wpforms-field wpforms-field-textarea\" data-field-id=\"2\"><label class=\"wpforms-field-label\" for=\"wpforms-146-field_2\">Kommentar oder Nachricht<\/label><textarea id=\"wpforms-146-field_2\" class=\"wpforms-field-medium\" name=\"wpforms[fields][2]\" aria-errormessage=\"wpforms-146-field_2-error\" ><\/textarea><\/div><\/div><!-- .wpforms-field-container --><div class=\"wpforms-recaptcha-container wpforms-is-recaptcha wpforms-is-recaptcha-type-v2\" ><div class=\"g-recaptcha\" data-sitekey=\"6LcRYNQoAAAAAGfeT9zXEzV4RHKbVHeo0ovD1rZW\"><\/div><input type=\"text\" name=\"g-recaptcha-hidden\" class=\"wpforms-recaptcha-hidden\" style=\"position:absolute!important;clip:rect(0,0,0,0)!important;height:1px!important;width:1px!important;border:0!important;overflow:hidden!important;padding:0!important;margin:0!important;\" data-rule-recaptcha=\"1\"><\/div><div class=\"wpforms-submit-container\" ><input type=\"hidden\" name=\"wpforms[id]\" value=\"146\"><input type=\"hidden\" name=\"page_title\" value=\"\"><input type=\"hidden\" name=\"page_url\" value=\"https:\/\/nagel.onl\/index.php?rest_route=\/wp\/v2\/pages\/141\"><input type=\"hidden\" name=\"url_referer\" value=\"\"><button type=\"submit\" name=\"wpforms[submit]\" id=\"wpforms-submit-146\" class=\"wpforms-submit\" data-alt-text=\"Wird gesendet\u00a0\u2026\" data-submit-text=\"Absenden\" aria-live=\"assertive\" value=\"wpforms-submit\">Absenden<\/button><img loading=\"lazy\" decoding=\"async\" src=\"https:\/\/nagel.onl\/wp-content\/plugins\/wpforms-lite\/assets\/images\/submit-spin.svg\" class=\"wpforms-submit-spinner\" style=\"display: none;\" width=\"26\" height=\"26\" alt=\"Wird geladen\"><\/div><\/form><\/div>  <!-- .wpforms-container -->","protected":false},"excerpt":{"rendered":"<p>PRIVATE Homepage\/Blog Datenschutz: Verantwortlich: Verantwortlich f\u00fcr die Domain : Roland NagelHohenecker Stra\u00dfe 2891472 Ipsheim Kontaktaufnahme Kontaktaufnahme \u00fcber nachfolgendes Formular<\/p>\n","protected":false},"author":1,"featured_media":0,"parent":0,"menu_order":0,"comment_status":"closed","ping_status":"closed","template":"","meta":{"footnotes":""},"class_list":["post-141","page","type-page","status-publish","hentry"],"_links":{"self":[{"href":"https:\/\/nagel.onl\/index.php?rest_route=\/wp\/v2\/pages\/141","targetHints":{"allow":["GET"]}}],"collection":[{"href":"https:\/\/nagel.onl\/index.php?rest_route=\/wp\/v2\/pages"}],"about":[{"href":"https:\/\/nagel.onl\/index.php?rest_route=\/wp\/v2\/types\/page"}],"author":[{"embeddable":true,"href":"https:\/\/nagel.onl\/index.php?rest_route=\/wp\/v2\/users\/1"}],"replies":[{"embeddable":true,"href":"https:\/\/nagel.onl\/index.php?rest_route=%2Fwp%2Fv2%2Fcomments&post=141"}],"version-history":[{"count":11,"href":"https:\/\/nagel.onl\/index.php?rest_route=\/wp\/v2\/pages\/141\/revisions"}],"predecessor-version":[{"id":471,"href":"https:\/\/nagel.onl\/index.php?rest_route=\/wp\/v2\/pages\/141\/revisions\/471"}],"wp:attachment":[{"href":"https:\/\/nagel.onl\/index.php?rest_route=%2Fwp%2Fv2%2Fmedia&parent=141"}],"curies":[{"name":"wp","href":"https:\/\/api.w.org\/{rel}","templated":true}]}}